{"id":534,"date":"2018-04-23T17:32:24","date_gmt":"2018-04-23T14:32:24","guid":{"rendered":"https:\/\/www.hacitutumlu.com\/?page_id=534"},"modified":"2019-03-26T11:23:42","modified_gmt":"2019-03-26T08:23:42","slug":"yozgat-dogankent-dogalgaz-boru-hatti-2","status":"publish","type":"page","link":"https:\/\/www.hacitutumlu.com.tr\/en\/projects\/completed-projects\/yozgat-dogankent-dogalgaz-boru-hatti-2\/","title":{"rendered":"Yozgat-Do\u011fankent Do\u011falgaz Boru Hatt\u0131"},"content":{"rendered":"","protected":false},"excerpt":{"rendered":"","protected":false},"author":1,"featured_media":0,"parent":179,"menu_order":0,"comment_status":"closed","ping_status":"closed","template":"","meta":{"footnotes":""},"class_list":["post-534","page","type-page","status-publish","hentry"],"_links":{"self":[{"href":"https:\/\/www.hacitutumlu.com.tr\/en\/wp-json\/wp\/v2\/pages\/534","targetHints":{"allow":["GET"]}}],"collection":[{"href":"https:\/\/www.hacitutumlu.com.tr\/en\/wp-json\/wp\/v2\/pages"}],"about":[{"href":"https:\/\/www.hacitutumlu.com.tr\/en\/wp-json\/wp\/v2\/types\/page"}],"author":[{"embeddable":true,"href":"https:\/\/www.hacitutumlu.com.tr\/en\/wp-json\/wp\/v2\/users\/1"}],"replies":[{"embeddable":true,"href":"https:\/\/www.hacitutumlu.com.tr\/en\/wp-json\/wp\/v2\/comments?post=534"}],"version-history":[{"count":0,"href":"https:\/\/www.hacitutumlu.com.tr\/en\/wp-json\/wp\/v2\/pages\/534\/revisions"}],"up":[{"embeddable":true,"href":"https:\/\/www.hacitutumlu.com.tr\/en\/wp-json\/wp\/v2\/pages\/179"}],"wp:attachment":[{"href":"https:\/\/www.hacitutumlu.com.tr\/en\/wp-json\/wp\/v2\/media?parent=534"}],"curies":[{"name":"wp","href":"https:\/\/api.w.org\/{rel}","templated":true}]}}