{"id":532,"date":"2018-04-23T17:31:58","date_gmt":"2018-04-23T14:31:58","guid":{"rendered":"https:\/\/www.hacitutumlu.com\/?page_id=532"},"modified":"2019-03-26T11:22:59","modified_gmt":"2019-03-26T08:22:59","slug":"ankara-polatli-dogalgaz-boru-hatti","status":"publish","type":"page","link":"https:\/\/www.hacitutumlu.com.tr\/en\/projects\/completed-projects\/ankara-polatli-dogalgaz-boru-hatti\/","title":{"rendered":"Ankara-Polatl\u0131 Do\u011falgaz Boru Hatt\u0131"},"content":{"rendered":"","protected":false},"excerpt":{"rendered":"","protected":false},"author":1,"featured_media":0,"parent":179,"menu_order":0,"comment_status":"closed","ping_status":"closed","template":"","meta":{"footnotes":""},"class_list":["post-532","page","type-page","status-publish","hentry"],"_links":{"self":[{"href":"https:\/\/www.hacitutumlu.com.tr\/en\/wp-json\/wp\/v2\/pages\/532","targetHints":{"allow":["GET"]}}],"collection":[{"href":"https:\/\/www.hacitutumlu.com.tr\/en\/wp-json\/wp\/v2\/pages"}],"about":[{"href":"https:\/\/www.hacitutumlu.com.tr\/en\/wp-json\/wp\/v2\/types\/page"}],"author":[{"embeddable":true,"href":"https:\/\/www.hacitutumlu.com.tr\/en\/wp-json\/wp\/v2\/users\/1"}],"replies":[{"embeddable":true,"href":"https:\/\/www.hacitutumlu.com.tr\/en\/wp-json\/wp\/v2\/comments?post=532"}],"version-history":[{"count":0,"href":"https:\/\/www.hacitutumlu.com.tr\/en\/wp-json\/wp\/v2\/pages\/532\/revisions"}],"up":[{"embeddable":true,"href":"https:\/\/www.hacitutumlu.com.tr\/en\/wp-json\/wp\/v2\/pages\/179"}],"wp:attachment":[{"href":"https:\/\/www.hacitutumlu.com.tr\/en\/wp-json\/wp\/v2\/media?parent=532"}],"curies":[{"name":"wp","href":"https:\/\/api.w.org\/{rel}","templated":true}]}}