{"id":324,"date":"2018-04-20T14:12:17","date_gmt":"2018-04-20T11:12:17","guid":{"rendered":"https:\/\/www.hacitutumlu.com\/?page_id=324"},"modified":"2019-03-26T11:33:35","modified_gmt":"2019-03-26T08:33:35","slug":"%e2%80%8bkarayollari-genel-mudurlugu","status":"publish","type":"page","link":"https:\/\/www.hacitutumlu.com.tr\/en\/projects\/ongoing-projects\/%e2%80%8bkarayollari-genel-mudurlugu\/","title":{"rendered":"\u200bKarayollar\u0131 Genel M\u00fcd\u00fcrl\u00fc\u011f\u00fc"},"content":{"rendered":"","protected":false},"excerpt":{"rendered":"","protected":false},"author":1,"featured_media":0,"parent":167,"menu_order":0,"comment_status":"closed","ping_status":"closed","template":"","meta":{"footnotes":""},"class_list":["post-324","page","type-page","status-publish","hentry"],"_links":{"self":[{"href":"https:\/\/www.hacitutumlu.com.tr\/en\/wp-json\/wp\/v2\/pages\/324","targetHints":{"allow":["GET"]}}],"collection":[{"href":"https:\/\/www.hacitutumlu.com.tr\/en\/wp-json\/wp\/v2\/pages"}],"about":[{"href":"https:\/\/www.hacitutumlu.com.tr\/en\/wp-json\/wp\/v2\/types\/page"}],"author":[{"embeddable":true,"href":"https:\/\/www.hacitutumlu.com.tr\/en\/wp-json\/wp\/v2\/users\/1"}],"replies":[{"embeddable":true,"href":"https:\/\/www.hacitutumlu.com.tr\/en\/wp-json\/wp\/v2\/comments?post=324"}],"version-history":[{"count":0,"href":"https:\/\/www.hacitutumlu.com.tr\/en\/wp-json\/wp\/v2\/pages\/324\/revisions"}],"up":[{"embeddable":true,"href":"https:\/\/www.hacitutumlu.com.tr\/en\/wp-json\/wp\/v2\/pages\/167"}],"wp:attachment":[{"href":"https:\/\/www.hacitutumlu.com.tr\/en\/wp-json\/wp\/v2\/media?parent=324"}],"curies":[{"name":"wp","href":"https:\/\/api.w.org\/{rel}","templated":true}]}}