{"id":322,"date":"2018-04-20T14:11:57","date_gmt":"2018-04-20T11:11:57","guid":{"rendered":"https:\/\/www.hacitutumlu.com\/?page_id=322"},"modified":"2021-03-03T23:42:20","modified_gmt":"2021-03-03T20:42:20","slug":"sirnak-ozel-idaresi-destek-hizmetleri-mudurlugu","status":"publish","type":"page","link":"https:\/\/www.hacitutumlu.com.tr\/en\/projects\/completed-projects\/sirnak-ozel-idaresi-destek-hizmetleri-mudurlugu\/","title":{"rendered":"\u015e\u0131rnak \u0130li \u00c7ak\u0131rs\u00f6\u011f\u00fct 1\u2019nciJandarma Komando Tugay Komutanl\u0131\u011f\u0131na, 2 Adet 52 \u00dcniteli Vardiya Yatakhanesi Yap\u0131m \u0130\u015fi"},"content":{"rendered":"","protected":false},"excerpt":{"rendered":"","protected":false},"author":1,"featured_media":0,"parent":179,"menu_order":0,"comment_status":"closed","ping_status":"closed","template":"","meta":{"footnotes":""},"class_list":["post-322","page","type-page","status-publish","hentry"],"_links":{"self":[{"href":"https:\/\/www.hacitutumlu.com.tr\/en\/wp-json\/wp\/v2\/pages\/322","targetHints":{"allow":["GET"]}}],"collection":[{"href":"https:\/\/www.hacitutumlu.com.tr\/en\/wp-json\/wp\/v2\/pages"}],"about":[{"href":"https:\/\/www.hacitutumlu.com.tr\/en\/wp-json\/wp\/v2\/types\/page"}],"author":[{"embeddable":true,"href":"https:\/\/www.hacitutumlu.com.tr\/en\/wp-json\/wp\/v2\/users\/1"}],"replies":[{"embeddable":true,"href":"https:\/\/www.hacitutumlu.com.tr\/en\/wp-json\/wp\/v2\/comments?post=322"}],"version-history":[{"count":0,"href":"https:\/\/www.hacitutumlu.com.tr\/en\/wp-json\/wp\/v2\/pages\/322\/revisions"}],"up":[{"embeddable":true,"href":"https:\/\/www.hacitutumlu.com.tr\/en\/wp-json\/wp\/v2\/pages\/179"}],"wp:attachment":[{"href":"https:\/\/www.hacitutumlu.com.tr\/en\/wp-json\/wp\/v2\/media?parent=322"}],"curies":[{"name":"wp","href":"https:\/\/api.w.org\/{rel}","templated":true}]}}