{"id":270,"date":"2018-03-14T19:26:49","date_gmt":"2018-03-14T16:26:49","guid":{"rendered":"https:\/\/www.hacitutumlu.com\/?page_id=270"},"modified":"2018-03-14T19:31:02","modified_gmt":"2018-03-14T16:31:02","slug":"270-2","status":"publish","type":"page","link":"https:\/\/www.hacitutumlu.com.tr\/en\/270-2\/","title":{"rendered":""},"content":{"rendered":"<p><span class=\"highlight highlight-\" >Yol ve K\u00f6pr\u00fc \u0130n\u015faat\u0131<\/span>\n\u00a0 <span class=\"highlight highlight-\" >Baraj G\u00f6let ve Sulama \u0130n\u015faat\u0131<\/span>\n\u00a0 <span class=\"highlight highlight-\" >Demir Yollar\u0131<\/span>\n\u00a0<span class=\"highlight highlight-\" >Agrega \u00dcretimi<\/span>\n <span class=\"highlight highlight-\" >Beton Santrali<\/span>\n<\/p>\n<p>&nbsp;<\/p>\n<p>&nbsp;<\/p>\n<p>&nbsp;<\/p>\n<p>&nbsp;<\/p>\n<p>&nbsp;<\/p>\n","protected":false},"excerpt":{"rendered":"<p>\u00a0 \u00a0 \u00a0 &nbsp; &nbsp; &nbsp; &nbsp; &nbsp;<\/p>\n","protected":false},"author":1,"featured_media":0,"parent":0,"menu_order":0,"comment_status":"closed","ping_status":"closed","template":"","meta":{"footnotes":""},"class_list":["post-270","page","type-page","status-publish","hentry"],"_links":{"self":[{"href":"https:\/\/www.hacitutumlu.com.tr\/en\/wp-json\/wp\/v2\/pages\/270","targetHints":{"allow":["GET"]}}],"collection":[{"href":"https:\/\/www.hacitutumlu.com.tr\/en\/wp-json\/wp\/v2\/pages"}],"about":[{"href":"https:\/\/www.hacitutumlu.com.tr\/en\/wp-json\/wp\/v2\/types\/page"}],"author":[{"embeddable":true,"href":"https:\/\/www.hacitutumlu.com.tr\/en\/wp-json\/wp\/v2\/users\/1"}],"replies":[{"embeddable":true,"href":"https:\/\/www.hacitutumlu.com.tr\/en\/wp-json\/wp\/v2\/comments?post=270"}],"version-history":[{"count":0,"href":"https:\/\/www.hacitutumlu.com.tr\/en\/wp-json\/wp\/v2\/pages\/270\/revisions"}],"wp:attachment":[{"href":"https:\/\/www.hacitutumlu.com.tr\/en\/wp-json\/wp\/v2\/media?parent=270"}],"curies":[{"name":"wp","href":"https:\/\/api.w.org\/{rel}","templated":true}]}}