{"id":165,"date":"2018-03-13T00:52:49","date_gmt":"2018-03-12T21:52:49","guid":{"rendered":"https:\/\/www.hacitutumlu.com\/?page_id=165"},"modified":"2020-02-14T11:54:29","modified_gmt":"2020-02-14T08:54:29","slug":"duzce-akcakoca-ilcesi-beyhanli-koyu-kaza-kara-noktasi-calismasi","status":"publish","type":"page","link":"https:\/\/www.hacitutumlu.com.tr\/en\/projects\/completed-projects\/duzce-akcakoca-ilcesi-beyhanli-koyu-kaza-kara-noktasi-calismasi\/","title":{"rendered":"D\u00fczce \u2013Ak\u00e7akoca il\u00e7esi Beyhanl\u0131 K\u00f6y\u00fc Kaza kara noktas\u0131 \u00c7al\u0131\u015fmas\u0131"},"content":{"rendered":"","protected":false},"excerpt":{"rendered":"","protected":false},"author":1,"featured_media":0,"parent":179,"menu_order":0,"comment_status":"closed","ping_status":"closed","template":"","meta":{"footnotes":""},"class_list":["post-165","page","type-page","status-publish","hentry"],"_links":{"self":[{"href":"https:\/\/www.hacitutumlu.com.tr\/en\/wp-json\/wp\/v2\/pages\/165","targetHints":{"allow":["GET"]}}],"collection":[{"href":"https:\/\/www.hacitutumlu.com.tr\/en\/wp-json\/wp\/v2\/pages"}],"about":[{"href":"https:\/\/www.hacitutumlu.com.tr\/en\/wp-json\/wp\/v2\/types\/page"}],"author":[{"embeddable":true,"href":"https:\/\/www.hacitutumlu.com.tr\/en\/wp-json\/wp\/v2\/users\/1"}],"replies":[{"embeddable":true,"href":"https:\/\/www.hacitutumlu.com.tr\/en\/wp-json\/wp\/v2\/comments?post=165"}],"version-history":[{"count":0,"href":"https:\/\/www.hacitutumlu.com.tr\/en\/wp-json\/wp\/v2\/pages\/165\/revisions"}],"up":[{"embeddable":true,"href":"https:\/\/www.hacitutumlu.com.tr\/en\/wp-json\/wp\/v2\/pages\/179"}],"wp:attachment":[{"href":"https:\/\/www.hacitutumlu.com.tr\/en\/wp-json\/wp\/v2\/media?parent=165"}],"curies":[{"name":"wp","href":"https:\/\/api.w.org\/{rel}","templated":true}]}}