{"id":1214,"date":"2026-04-30T20:19:04","date_gmt":"2026-04-30T17:19:04","guid":{"rendered":"https:\/\/www.hacitutumlu.com.tr\/en\/?page_id=1214"},"modified":"2026-05-05T06:49:43","modified_gmt":"2026-05-05T06:49:43","slug":"the-degirmenkoy-golcayir-pond-in-the-aksehir-district-of-konya","status":"publish","type":"page","link":"https:\/\/www.hacitutumlu.com.tr\/en\/projects\/completed-projects\/the-degirmenkoy-golcayir-pond-in-the-aksehir-district-of-konya\/","title":{"rendered":"The De\u011firmenk\u00f6y-G\u00f6l\u00e7ay\u0131r Pond in the Ak\u015fehir district of Konya"},"content":{"rendered":"","protected":false},"excerpt":{"rendered":"","protected":false},"author":1,"featured_media":0,"parent":179,"menu_order":0,"comment_status":"closed","ping_status":"closed","template":"","meta":{"footnotes":""},"class_list":["post-1214","page","type-page","status-publish","hentry"],"_links":{"self":[{"href":"https:\/\/www.hacitutumlu.com.tr\/en\/wp-json\/wp\/v2\/pages\/1214","targetHints":{"allow":["GET"]}}],"collection":[{"href":"https:\/\/www.hacitutumlu.com.tr\/en\/wp-json\/wp\/v2\/pages"}],"about":[{"href":"https:\/\/www.hacitutumlu.com.tr\/en\/wp-json\/wp\/v2\/types\/page"}],"author":[{"embeddable":true,"href":"https:\/\/www.hacitutumlu.com.tr\/en\/wp-json\/wp\/v2\/users\/1"}],"replies":[{"embeddable":true,"href":"https:\/\/www.hacitutumlu.com.tr\/en\/wp-json\/wp\/v2\/comments?post=1214"}],"version-history":[{"count":1,"href":"https:\/\/www.hacitutumlu.com.tr\/en\/wp-json\/wp\/v2\/pages\/1214\/revisions"}],"predecessor-version":[{"id":1215,"href":"https:\/\/www.hacitutumlu.com.tr\/en\/wp-json\/wp\/v2\/pages\/1214\/revisions\/1215"}],"up":[{"embeddable":true,"href":"https:\/\/www.hacitutumlu.com.tr\/en\/wp-json\/wp\/v2\/pages\/179"}],"wp:attachment":[{"href":"https:\/\/www.hacitutumlu.com.tr\/en\/wp-json\/wp\/v2\/media?parent=1214"}],"curies":[{"name":"wp","href":"https:\/\/api.w.org\/{rel}","templated":true}]}}